{"id":17821,"date":"2022-10-21T14:12:15","date_gmt":"2022-10-21T14:12:15","guid":{"rendered":"https:\/\/surfacleandz.com\/?page_id=17821"},"modified":"2024-01-25T23:34:08","modified_gmt":"2024-01-25T23:34:08","slug":"online-booking","status":"publish","type":"page","link":"https:\/\/surfacleandz.com\/ar\/online-booking\/","title":{"rendered":"Online Booking"},"content":{"rendered":"<div data-elementor-type=\"wp-page\" data-elementor-id=\"17821\" class=\"elementor elementor-17821\" data-elementor-post-type=\"page\">\n\t\t\t\t\t\t<section class=\"elementor-section elementor-top-section elementor-element elementor-element-c11d3c4 elementor-section-boxed elementor-section-height-default elementor-section-height-default sc_fly_static\" data-id=\"c11d3c4\" data-element_type=\"section\" data-e-type=\"section\">\n\t\t\t\t\t\t<div class=\"elementor-container elementor-column-gap-extended\">\n\t\t\t\t\t<div class=\"elementor-column elementor-col-100 elementor-top-column elementor-element elementor-element-d18dded sc_content_align_inherit sc_layouts_column_icons_position_left sc_fly_static\" data-id=\"d18dded\" data-element_type=\"column\" data-e-type=\"column\">\n\t\t\t<div class=\"elementor-widget-wrap elementor-element-populated\">\n\t\t\t\t\t\t<div class=\"elementor-element elementor-element-1941b54 sc_fly_static elementor-widget elementor-widget-heading\" data-id=\"1941b54\" data-element_type=\"widget\" data-e-type=\"widget\" data-widget_type=\"heading.default\">\n\t\t\t\t<div class=\"elementor-widget-container\">\n\t\t\t\t\t<h5 class=\"elementor-heading-title elementor-size-default\"><span style=\"font-family: 'Cairo', sans-serif;font-weight: 700\">\u0641\u064a \u062e\u062f\u0645\u062a\u0643\u0645 \u0641\u064a \u0623\u064a \u0648\u0642\u062a <\/span><\/h5>\t\t\t\t<\/div>\n\t\t\t\t<\/div>\n\t\t\t\t<div class=\"elementor-element elementor-element-29721e8 sc_fly_static elementor-widget elementor-widget-heading\" data-id=\"29721e8\" data-element_type=\"widget\" data-e-type=\"widget\" data-widget_type=\"heading.default\">\n\t\t\t\t<div class=\"elementor-widget-container\">\n\t\t\t\t\t<h2 class=\"elementor-heading-title elementor-size-default\"><span style=\"font-family: 'Cairo', sans-serif;font-weight: 700\">\u062d\u062c\u0632 \u0627\u0644\u062e\u062f\u0645\u0629 \u0639\u0628\u0631 \u0627\u0644\u0625\u0646\u062a\u0631\u0646\u062a <\/span><\/h2>\t\t\t\t<\/div>\n\t\t\t\t<\/div>\n\t\t\t\t<div class=\"elementor-element elementor-element-f5693db sc_fly_static elementor-widget elementor-widget-shortcode\" data-id=\"f5693db\" data-element_type=\"widget\" data-e-type=\"widget\" data-widget_type=\"shortcode.default\">\n\t\t\t\t<div class=\"elementor-widget-container\">\n\t\t\t\t\t\t\t<div class=\"elementor-shortcode\"><div class=\"forminator-ui forminator-custom-form forminator-custom-form-29937 forminator-design--material  forminator_ajax\" data-forminator-render=\"0\" data-form=\"forminator-module-29937\" data-uid=\"69f1d9ce7dbcc\"><br\/><\/div><form\n\t\t\t\tid=\"forminator-module-29937\"\n\t\t\t\tclass=\"forminator-ui forminator-custom-form forminator-custom-form-29937 forminator-design--material  forminator_ajax\"\n\t\t\t\tmethod=\"post\"\n\t\t\t\tdata-forminator-render=\"0\"\n\t\t\t\tdata-form-id=\"29937\"\n\t\t\t\t data-color-option=\"default\" data-design=\"material\" data-grid=\"open\" style=\"display: none;\"\n\t\t\t\tdata-uid=\"69f1d9ce7dbcc\" action=\"\"\n\t\t\t><div role=\"alert\" aria-live=\"polite\" class=\"forminator-response-message forminator-error\" aria-hidden=\"true\"><\/div><div class=\"forminator-row\"><div id=\"name-1\" class=\"forminator-field-name forminator-col forminator-col-12\"><div class=\"forminator-row forminator-no-margin\" data-multiple=\"true\"><div class=\"forminator-col forminator-col-md-6\"><div class=\"forminator-field\"><label for=\"forminator-field-first-name-1_69f1d9ce7dbcc\" id=\"forminator-field-first-name-1_69f1d9ce7dbcc-label\" class=\"forminator-label\">\u0627\u0644\u0644\u0642\u0628<\/label><input type=\"text\" name=\"name-1-first-name\" placeholder=\"E.g. John\" id=\"forminator-field-first-name-1_69f1d9ce7dbcc\" class=\"forminator-input\" aria-required=\"false\" data-multi=\"1\" autocomplete=\"given-name\" value=\"\" \/><\/div><\/div><div class=\"forminator-col forminator-col-md-6\"><div class=\"forminator-field\"><label for=\"forminator-field-last-name-1_69f1d9ce7dbcc\" id=\"forminator-field-last-name-1_69f1d9ce7dbcc-label\" class=\"forminator-label\">\u0627\u0644\u0627\u0633\u0645<\/label><input type=\"text\" name=\"name-1-last-name\" placeholder=\"E.g. Doe\" id=\"forminator-field-last-name-1_69f1d9ce7dbcc\" class=\"forminator-input\" aria-required=\"false\" data-multi=\"1\" autocomplete=\"family-name\" value=\"\" \/><\/div><\/div><\/div><\/div><\/div><div class=\"forminator-row\"><div id=\"email-1\" class=\"forminator-field-email forminator-col forminator-col-12\"><div class=\"forminator-field\"><label for=\"forminator-field-email-1_69f1d9ce7dbcc\" id=\"forminator-field-email-1_69f1d9ce7dbcc-label\" class=\"forminator-label\">\u0627\u0644\u0628\u0631\u064a\u062f \u0627\u0644\u0625\u0644\u0643\u062a\u0631\u0648\u0646\u064a <span class=\"forminator-required\">*<\/span><\/label><input type=\"email\" name=\"email-1\" value=\"\" placeholder=\"E.g. john@doe.com\" id=\"forminator-field-email-1_69f1d9ce7dbcc\" class=\"forminator-input forminator-email--field\" data-required=\"1\" aria-required=\"true\" autocomplete=\"email\" \/><\/div><\/div><\/div><div class=\"forminator-row\"><div id=\"select-1\" class=\"forminator-field-select forminator-col forminator-col-6\"><div class=\"forminator-field\"><label for=\"forminator-form-29937__field--select-1_69f1d9ce7dbcc\" id=\"forminator-form-29937__field--select-1_69f1d9ce7dbcc-label\" class=\"forminator-label\">\u0627\u062e\u062a\u0631 \u062e\u062f\u0645\u0629<\/label><select  id=\"forminator-form-29937__field--select-1_69f1d9ce7dbcc\" class=\"forminator-select--field forminator-select2 forminator-select2-multiple\" data-required=\"\" name=\"select-1\" data-default-value=\"\" data-hidden-behavior=\"zero\" data-placeholder=\"\" data-search=\"false\" data-search-placeholder=\"\" data-checkbox=\"false\" data-allow-clear=\"false\" aria-labelledby=\"forminator-form-29937__field--select-1_69f1d9ce7dbcc-label\"><option value=\"one\"  data-calculation=\"0\"><span style=\"font-family: 'Cairo', sans-serif;font-weight: 700\">\u0645\u0643\u0627\u0641\u062d\u0629 \u0627\u0644\u062d\u0634\u0631\u0627\u062a <\/span><\/option><option value=\"two\"  data-calculation=\"0\"><span style=\"font-family: 'Cairo', sans-serif;font-weight: 700\">\u0645\u0643\u0627\u0641\u062d\u0629 \u0627\u0644\u062d\u0645\u0627\u0645 <\/span><\/option><option value=\"D\u00e9sinfection\"  data-calculation=\"0\"><span style=\"font-family: 'Cairo', sans-serif;font-weight: 700\">\u0627\u0644\u062a\u0637\u0647\u064a\u0631 <\/span><\/option><option value=\"D\u00e9ratisation\"  data-calculation=\"0\"><span style=\"font-family: 'Cairo', sans-serif;font-weight: 700\">\u0645\u0643\u0627\u0641\u062d\u0629 \u0627\u0644\u0642\u0648\u0627\u0631\u0636 <\/span><\/option><option value=\"d\u00e9reptilisation\"  data-calculation=\"0\"><span style=\"font-family: 'Cairo', sans-serif;font-weight: 700\">\u0645\u0643\u0627\u0641\u062d\u0629 \u0627\u0644\u0632\u0648\u0627\u062d\u0641 <\/span><\/option><option value=\"Hygi\u00e8ne-public\"  data-calculation=\"0\">\u0627\u0644\u0646\u0638\u0627\u0641\u0629 \u0627\u0644\u0639\u0627\u0645\u0629<\/option><option value=\"D\u00e9contamination-\u00e0-Haut-Niveau\"  data-calculation=\"0\"><span style=\"font-family: 'Cairo', sans-serif;font-weight: 700\">\u0625\u0632\u0627\u0644\u0629 \u0627\u0644\u062a\u0644\u0648\u062b \u0639\u0644\u0649 \u0645\u0633\u062a\u0648\u0649 \u0639\u0627\u0644<\/span><\/option><\/select><\/div><\/div><div id=\"date-1\" class=\"forminator-field-date forminator-col forminator-col-6\"><div class=\"forminator-field\"><label for=\"forminator-field-date-1-picker_69f1d9ce7dbcc\" id=\"forminator-field-date-1-picker_69f1d9ce7dbcc-label\" class=\"forminator-label\">\u0627\u0644\u062a\u0627\u0632\u064a\u062e<\/label><div class=\"forminator-input-with-icon\"><span class=\"forminator-icon-calendar\" aria-hidden=\"true\"><\/span><input autocomplete=\"off\" type=\"text\" size=\"1\" name=\"date-1\" value=\"\" placeholder=\"\u0625\u062e\u062a\u0631 \u0627\u0644\u062a\u0627\u0631\u064a\u062e\" id=\"forminator-field-date-1-picker_69f1d9ce7dbcc\" class=\"forminator-input forminator-datepicker\" data-required=\"\" data-format=\"dd-mm-yy\" data-restrict-type=\"\" data-restrict=\"\" data-start-year=\"1926\" data-end-year=\"2126\" data-past-dates=\"enable\" data-start-of-week=\"1\" data-start-date=\"\" data-end-date=\"\" data-start-field=\"\" data-end-field=\"\" data-start-offset=\"\" data-end-offset=\"\" data-disable-date=\"\" data-disable-range=\"\" \/><\/div><\/div><\/div><\/div><div class=\"forminator-row\"><div id=\"phone-1\" class=\"forminator-field-phone forminator-col forminator-col-12\"><div class=\"forminator-field\"><label for=\"forminator-field-phone-1_69f1d9ce7dbcc\" id=\"forminator-field-phone-1_69f1d9ce7dbcc-label\" class=\"forminator-label\">\u0627\u0644\u0647\u0627\u062a\u0641 <span class=\"forminator-required\">*<\/span><\/label><input type=\"text\" name=\"phone-1\" value=\"\" placeholder=\"E.g. +213 655 55 55 55\" id=\"forminator-field-phone-1_69f1d9ce7dbcc\" class=\"forminator-input forminator-field--phone\" data-required=\"1\" aria-required=\"true\" autocomplete=\"off\" \/><\/div><\/div><\/div><div class=\"forminator-row\"><div id=\"address-1\" class=\"forminator-field-address forminator-col forminator-col-12\"><div class=\"forminator-row\"><div id=\"address-1-street_address\" class=\"forminator-col\"><div class=\"forminator-field\"><label for=\"forminator-field-address-1-street_address_69f1d9ce7dbcc\" id=\"forminator-field-address-1-street_address_69f1d9ce7dbcc-label\" class=\"forminator-label\">\u0627\u0644\u0639\u0646\u0648\u0627\u0646<\/label><input type=\"text\" name=\"address-1-street_address\" placeholder=\"E.g. 42 Wallaby Way\" id=\"forminator-field-address-1-street_address_69f1d9ce7dbcc\" class=\"forminator-input\" data-required=\"\" aria-required=\"false\" autocomplete=\"address-line1\" value=\"\" \/><\/div><\/div><\/div><div class=\"forminator-row\" data-multiple=\"false\"><div id=\"address-1-state\" class=\"forminator-col forminator-col-12\"><div class=\"forminator-field\"><label for=\"forminator-field-address-1-state_69f1d9ce7dbcc\" id=\"forminator-field-address-1-state_69f1d9ce7dbcc-label\" class=\"forminator-label\">\u0627\u0644\u0648\u0644\u0627\u064a\u0629<\/label><input type=\"text\" name=\"address-1-state\" placeholder=\"E.g. Alger\" id=\"forminator-field-address-1-state_69f1d9ce7dbcc\" class=\"forminator-input\" data-required=\"\" aria-required=\"false\" autocomplete=\"address-level1\" value=\"\" \/><\/div><\/div><\/div><\/div><\/div><input type=\"hidden\" name=\"referer_url\" value=\"\" \/><div class=\"forminator-row forminator-row-last\"><div class=\"forminator-col\"><div class=\"forminator-field\"><button class=\"forminator-button forminator-button-submit\"><span>\u0625\u0631\u0633\u0627\u0644<\/span><span aria-hidden=\"true\"><\/span><\/button><\/div><\/div><\/div><input type=\"hidden\" id=\"forminator_nonce\" name=\"forminator_nonce\" value=\"cb145cd21e\" \/><input type=\"hidden\" name=\"_wp_http_referer\" value=\"\/ar\/wp-json\/wp\/v2\/pages\/17821\" \/><input type=\"hidden\" name=\"form_id\" value=\"29937\"><input type=\"hidden\" name=\"page_id\" value=\"17821\"><input type=\"hidden\" name=\"form_type\" value=\"default\"><input type=\"hidden\" name=\"current_url\" value=\"https:\/\/surfacleandz.com\/ar\/online-booking\/\"><input type=\"hidden\" name=\"render_id\" value=\"0\"><input type=\"hidden\" name=\"action\" value=\"forminator_submit_form_custom-forms\"><input type=\"hidden\" name=\"trp-form-language\" value=\"ar\"\/><\/form><\/div>\n\t\t\t\t\t\t<\/div>\n\t\t\t\t<\/div>\n\t\t\t\t\t<\/div>\n\t\t<\/div>\n\t\t\t\t\t<\/div>\n\t\t<\/section>\n\t\t\t\t<\/div>","protected":false},"excerpt":{"rendered":"<p>\u00e0 votre service \u00e0 tout moment Reservez un service en ligne<\/p>","protected":false},"author":1,"featured_media":0,"parent":0,"menu_order":0,"comment_status":"closed","ping_status":"closed","template":"","meta":{"footnotes":""},"class_list":["post-17821","page","type-page","status-publish","hentry"],"yoast_head":"<!-- This site is optimized with the Yoast SEO Premium plugin v21.8 (Yoast SEO v27.5) - https:\/\/yoast.com\/product\/yoast-seo-premium-wordpress\/ -->\n<title>Online Booking - Soci\u00e9t\u00e9 de d\u00e9sinfection Contr\u00f4le des nuisibles, \u00c9limination des parasites, Traitement antiparasitaire, Extermination des insectes, \u00c9radication des rongeurs, Nettoyage d\u00e9sinfectant, Protection contre les nuisibles, D\u00e9sinfection professionnelle, Contr\u00f4le int\u00e9gr\u00e9 des ravageurs, Traitement de lutte antiparasitaire<\/title>\n<meta name=\"robots\" content=\"index, follow, max-snippet:-1, max-image-preview:large, max-video-preview:-1\" \/>\n<link rel=\"canonical\" href=\"https:\/\/surfacleandz.com\/ar\/online-booking\/\" \/>\n<meta property=\"og:locale\" content=\"ar_AR\" \/>\n<meta property=\"og:type\" content=\"article\" \/>\n<meta property=\"og:title\" content=\"Online Booking Contr\u00f4le des nuisibles, \u00c9limination des parasites, Traitement antiparasitaire, Extermination des insectes, \u00c9radication des rongeurs, Nettoyage d\u00e9sinfectant, Protection contre les nuisibles, D\u00e9sinfection professionnelle, Contr\u00f4le int\u00e9gr\u00e9 des ravageurs, Traitement de lutte antiparasitaire\" \/>\n<meta property=\"og:description\" content=\"\u00e0 votre service \u00e0 tout moment Reservez un service en ligne\" \/>\n<meta property=\"og:url\" content=\"https:\/\/surfacleandz.com\/ar\/online-booking\/\" \/>\n<meta property=\"og:site_name\" content=\"Soci\u00e9t\u00e9 de d\u00e9sinfection\" \/>\n<meta property=\"article:publisher\" content=\"https:\/\/web.facebook.com\/Surfa.Clean.DZ\" \/>\n<meta property=\"article:modified_time\" content=\"2024-01-25T23:34:08+00:00\" \/>\n<meta property=\"og:image\" content=\"https:\/\/surfacleandz.com\/wp-content\/uploads\/2024\/01\/toon-lambrechts-z4DWCmSHBAw-unsplash.jpg\" \/>\n\t<meta property=\"og:image:width\" content=\"1\" \/>\n\t<meta property=\"og:image:height\" content=\"1\" \/>\n\t<meta property=\"og:image:type\" content=\"image\/jpeg\" \/>\n<meta name=\"twitter:card\" content=\"summary_large_image\" \/>\n<meta name=\"twitter:label1\" content=\"\u0648\u0642\u062a \u0627\u0644\u0642\u0631\u0627\u0621\u0629 \u0627\u0644\u0645\u064f\u0642\u062f\u0651\u0631\" \/>\n\t<meta name=\"twitter:data1\" content=\"\u062f\u0642\u064a\u0642\u0629 \u0648\u0627\u062d\u062f\u0629\" \/>\n<script type=\"application\/ld+json\" class=\"yoast-schema-graph\">{\"@context\":\"https:\\\/\\\/schema.org\",\"@graph\":[{\"@type\":\"WebPage\",\"@id\":\"https:\\\/\\\/surfacleandz.com\\\/online-booking\\\/\",\"url\":\"https:\\\/\\\/surfacleandz.com\\\/online-booking\\\/\",\"name\":\"Online Booking - Soci\u00e9t\u00e9 de d\u00e9sinfection Contr\u00f4le des nuisibles, \u00c9limination des parasites, Traitement antiparasitaire, Extermination des insectes, \u00c9radication des rongeurs, Nettoyage d\u00e9sinfectant, Protection contre les nuisibles, D\u00e9sinfection professionnelle, Contr\u00f4le int\u00e9gr\u00e9 des ravageurs, Traitement de lutte antiparasitaire\",\"isPartOf\":{\"@id\":\"https:\\\/\\\/surfacleandz.com\\\/#website\"},\"datePublished\":\"2022-10-21T14:12:15+00:00\",\"dateModified\":\"2024-01-25T23:34:08+00:00\",\"breadcrumb\":{\"@id\":\"https:\\\/\\\/surfacleandz.com\\\/online-booking\\\/#breadcrumb\"},\"inLanguage\":\"ar\",\"potentialAction\":[{\"@type\":\"ReadAction\",\"target\":[\"https:\\\/\\\/surfacleandz.com\\\/online-booking\\\/\"]}]},{\"@type\":\"BreadcrumbList\",\"@id\":\"https:\\\/\\\/surfacleandz.com\\\/online-booking\\\/#breadcrumb\",\"itemListElement\":[{\"@type\":\"ListItem\",\"position\":1,\"name\":\"Surfa Cean\",\"item\":\"https:\\\/\\\/surfacleandz.com\\\/\"},{\"@type\":\"ListItem\",\"position\":2,\"name\":\"Online Booking\"}]},{\"@type\":\"WebSite\",\"@id\":\"https:\\\/\\\/surfacleandz.com\\\/#website\",\"url\":\"https:\\\/\\\/surfacleandz.com\\\/\",\"name\":\"Soci\u00e9t\u00e9 de d\u00e9sinfection\",\"description\":\"Soci\u00e9t\u00e9 de d\u00e9sinfection\",\"publisher\":{\"@id\":\"https:\\\/\\\/surfacleandz.com\\\/#organization\"},\"alternateName\":\"D\u00e9sinfection et Hygi\u00e8ne\",\"potentialAction\":[{\"@type\":\"SearchAction\",\"target\":{\"@type\":\"EntryPoint\",\"urlTemplate\":\"https:\\\/\\\/surfacleandz.com\\\/?s={search_term_string}\"},\"query-input\":{\"@type\":\"PropertyValueSpecification\",\"valueRequired\":true,\"valueName\":\"search_term_string\"}}],\"inLanguage\":\"ar\"},{\"@type\":\"Organization\",\"@id\":\"https:\\\/\\\/surfacleandz.com\\\/#organization\",\"name\":\"Surfaclean\",\"alternateName\":\"soci\u00e9t\u00e9 de d\u00e9sinfection et de pest control 3D (D\u00e8ratisation, D\u00e9sinsectisation, D\u00e9contamination)\",\"url\":\"https:\\\/\\\/surfacleandz.com\\\/\",\"logo\":{\"@type\":\"ImageObject\",\"inLanguage\":\"ar\",\"@id\":\"https:\\\/\\\/surfacleandz.com\\\/#\\\/schema\\\/logo\\\/image\\\/\",\"url\":\"https:\\\/\\\/surfacleandz.com\\\/wp-content\\\/uploads\\\/2023\\\/11\\\/cropped-sc@1080x.png\",\"contentUrl\":\"https:\\\/\\\/surfacleandz.com\\\/wp-content\\\/uploads\\\/2023\\\/11\\\/cropped-sc@1080x.png\",\"width\":1126,\"height\":386,\"caption\":\"Surfaclean\"},\"image\":{\"@id\":\"https:\\\/\\\/surfacleandz.com\\\/#\\\/schema\\\/logo\\\/image\\\/\"},\"sameAs\":[\"https:\\\/\\\/web.facebook.com\\\/Surfa.Clean.DZ\",\"https:\\\/\\\/www.linkedin.com\\\/in\\\/eurl-surfa-clean-7aa44a258?utm_source=share&utm_campaign=share_via&utm_content=profile&utm_medium=android_app\",\"https:\\\/\\\/www.tiktok.com\\\/@surfaclean.dz?_t=8i2sHbfTljS&_r=1\",\"https:\\\/\\\/instagram.com\\\/surfa.clean?igshid=OGQ5ZDc2ODk2ZA==\"],\"publishingPrinciples\":\"https:\\\/\\\/surfacleandz.com\\\/service-hygiene-public\\\/\"}]}<\/script>\n<!-- \/ Yoast SEO Premium plugin. -->","yoast_head_json":{"title":"Online Booking - Soci\u00e9t\u00e9 de d\u00e9sinfection Contr\u00f4le des nuisibles, \u00c9limination des parasites, Traitement antiparasitaire, Extermination des insectes, \u00c9radication des rongeurs, Nettoyage d\u00e9sinfectant, Protection contre les nuisibles, D\u00e9sinfection professionnelle, Contr\u00f4le int\u00e9gr\u00e9 des ravageurs, Traitement de lutte antiparasitaire","robots":{"index":"index","follow":"follow","max-snippet":"max-snippet:-1","max-image-preview":"max-image-preview:large","max-video-preview":"max-video-preview:-1"},"canonical":"https:\/\/surfacleandz.com\/ar\/online-booking\/","og_locale":"ar_AR","og_type":"article","og_title":"Online Booking Contr\u00f4le des nuisibles, \u00c9limination des parasites, Traitement antiparasitaire, Extermination des insectes, \u00c9radication des rongeurs, Nettoyage d\u00e9sinfectant, Protection contre les nuisibles, D\u00e9sinfection professionnelle, Contr\u00f4le int\u00e9gr\u00e9 des ravageurs, Traitement de lutte antiparasitaire","og_description":"\u00e0 votre service \u00e0 tout moment Reservez un service en ligne","og_url":"https:\/\/surfacleandz.com\/ar\/online-booking\/","og_site_name":"Soci\u00e9t\u00e9 de d\u00e9sinfection","article_publisher":"https:\/\/web.facebook.com\/Surfa.Clean.DZ","article_modified_time":"2024-01-25T23:34:08+00:00","og_image":[{"url":"https:\/\/surfacleandz.com\/wp-content\/uploads\/2024\/01\/toon-lambrechts-z4DWCmSHBAw-unsplash.jpg","width":1,"height":1,"type":"image\/jpeg"}],"twitter_card":"summary_large_image","twitter_misc":{"\u0648\u0642\u062a \u0627\u0644\u0642\u0631\u0627\u0621\u0629 \u0627\u0644\u0645\u064f\u0642\u062f\u0651\u0631":"\u062f\u0642\u064a\u0642\u0629 \u0648\u0627\u062d\u062f\u0629"},"schema":{"@context":"https:\/\/schema.org","@graph":[{"@type":"WebPage","@id":"https:\/\/surfacleandz.com\/online-booking\/","url":"https:\/\/surfacleandz.com\/online-booking\/","name":"Online Booking - Soci\u00e9t\u00e9 de d\u00e9sinfection Contr\u00f4le des nuisibles, \u00c9limination des parasites, Traitement antiparasitaire, Extermination des insectes, \u00c9radication des rongeurs, Nettoyage d\u00e9sinfectant, Protection contre les nuisibles, D\u00e9sinfection professionnelle, Contr\u00f4le int\u00e9gr\u00e9 des ravageurs, Traitement de lutte antiparasitaire","isPartOf":{"@id":"https:\/\/surfacleandz.com\/#website"},"datePublished":"2022-10-21T14:12:15+00:00","dateModified":"2024-01-25T23:34:08+00:00","breadcrumb":{"@id":"https:\/\/surfacleandz.com\/online-booking\/#breadcrumb"},"inLanguage":"ar","potentialAction":[{"@type":"ReadAction","target":["https:\/\/surfacleandz.com\/online-booking\/"]}]},{"@type":"BreadcrumbList","@id":"https:\/\/surfacleandz.com\/online-booking\/#breadcrumb","itemListElement":[{"@type":"ListItem","position":1,"name":"Surfa Cean","item":"https:\/\/surfacleandz.com\/"},{"@type":"ListItem","position":2,"name":"Online Booking"}]},{"@type":"WebSite","@id":"https:\/\/surfacleandz.com\/#website","url":"https:\/\/surfacleandz.com\/","name":"Soci\u00e9t\u00e9 de d\u00e9sinfection","description":"Soci\u00e9t\u00e9 de d\u00e9sinfection","publisher":{"@id":"https:\/\/surfacleandz.com\/#organization"},"alternateName":"D\u00e9sinfection et Hygi\u00e8ne","potentialAction":[{"@type":"SearchAction","target":{"@type":"EntryPoint","urlTemplate":"https:\/\/surfacleandz.com\/?s={search_term_string}"},"query-input":{"@type":"PropertyValueSpecification","valueRequired":true,"valueName":"search_term_string"}}],"inLanguage":"ar"},{"@type":"Organization","@id":"https:\/\/surfacleandz.com\/#organization","name":"Surfaclean","alternateName":"soci\u00e9t\u00e9 de d\u00e9sinfection et de pest control 3D (D\u00e8ratisation, D\u00e9sinsectisation, D\u00e9contamination)","url":"https:\/\/surfacleandz.com\/","logo":{"@type":"ImageObject","inLanguage":"ar","@id":"https:\/\/surfacleandz.com\/#\/schema\/logo\/image\/","url":"https:\/\/surfacleandz.com\/wp-content\/uploads\/2023\/11\/cropped-sc@1080x.png","contentUrl":"https:\/\/surfacleandz.com\/wp-content\/uploads\/2023\/11\/cropped-sc@1080x.png","width":1126,"height":386,"caption":"Surfaclean"},"image":{"@id":"https:\/\/surfacleandz.com\/#\/schema\/logo\/image\/"},"sameAs":["https:\/\/web.facebook.com\/Surfa.Clean.DZ","https:\/\/www.linkedin.com\/in\/eurl-surfa-clean-7aa44a258?utm_source=share&utm_campaign=share_via&utm_content=profile&utm_medium=android_app","https:\/\/www.tiktok.com\/@surfaclean.dz?_t=8i2sHbfTljS&_r=1","https:\/\/instagram.com\/surfa.clean?igshid=OGQ5ZDc2ODk2ZA=="],"publishingPrinciples":"https:\/\/surfacleandz.com\/service-hygiene-public\/"}]}},"_links":{"self":[{"href":"https:\/\/surfacleandz.com\/ar\/wp-json\/wp\/v2\/pages\/17821","targetHints":{"allow":["GET"]}}],"collection":[{"href":"https:\/\/surfacleandz.com\/ar\/wp-json\/wp\/v2\/pages"}],"about":[{"href":"https:\/\/surfacleandz.com\/ar\/wp-json\/wp\/v2\/types\/page"}],"author":[{"embeddable":true,"href":"https:\/\/surfacleandz.com\/ar\/wp-json\/wp\/v2\/users\/1"}],"replies":[{"embeddable":true,"href":"https:\/\/surfacleandz.com\/ar\/wp-json\/wp\/v2\/comments?post=17821"}],"version-history":[{"count":5,"href":"https:\/\/surfacleandz.com\/ar\/wp-json\/wp\/v2\/pages\/17821\/revisions"}],"predecessor-version":[{"id":30943,"href":"https:\/\/surfacleandz.com\/ar\/wp-json\/wp\/v2\/pages\/17821\/revisions\/30943"}],"wp:attachment":[{"href":"https:\/\/surfacleandz.com\/ar\/wp-json\/wp\/v2\/media?parent=17821"}],"curies":[{"name":"wp","href":"https:\/\/api.w.org\/{rel}","templated":true}]}}